{"id":144,"date":"2018-08-08T14:18:01","date_gmt":"2018-08-08T21:18:01","guid":{"rendered":"http:\/\/shumeius.tomosaito.com\/?page_id=144"},"modified":"2021-10-27T10:49:39","modified_gmt":"2021-10-27T08:49:39","slug":"jyorei-faq","status":"publish","type":"page","link":"https:\/\/shumei.eu\/it\/jyorei-faq\/","title":{"rendered":"Domande frequenti su Jyorei"},"content":{"rendered":"<h3>Come agisce Jyorei?<\/h3>\n<p>Chi pratica Jyorei ritiene che la causa ultima delle malattie e dell&#8217;infelicit\u00e0 siano le nubi spirituali. Queste nubi sono impurit\u00e0 sottili all&#8217;interno del nostro corpo spirituale che attenuano la nostra consapevolezza e danneggiano la nostra salute. Jyorei rimuove le nubi spirituali proprio come la luce dissipa le tenebre. Jyorei viene trasmesso prima alla fronte, principalmente per la purificazione spirituale, e poi alla sommit\u00e0 della testa, per la purificazione della parte fisica. Non \u00e8 necessario che il donatore di Jyorei conosca le condizioni del ricevente, perch\u00e9 la Luce divina va direttamente alla fonte del problema.<\/p>\n<h3>Quali sono i benefici che produce?<\/h3>\n<p>I primi e pi\u00f9 comuni benefici che le persone provano grazie a Jyorei sono la pace interiore, il benessere fisico e l&#8217;equilibrio emotivo. Sembra anche che riduca lo stress e rinforzi il sistema immunitario. Nei disturbi fisici spesso si possono osservare notevoli miglioramenti, a seconda della quantit\u00e0 di impurit\u00e0 che devono essere rimosse. Lo scopo ultimo di Jyorei, tuttavia, \u00e8 aumentare la salute, la felicit\u00e0 e l&#8217;armonia in generale.<\/p>\n<h3>Gli effetti positivi sono sempre ottenuti da tutti?<\/h3>\n<p>S\u00ec. Jyorei, come la preghiera, produce benefici per tutti, poich\u00e9 Dio ama e benedice chiunque e non fa selezioni ed esclusioni. La Luce di Jyorei purifica lo spirito e lo eleva, e non ci sono effetti collaterali negativi. Anche se non abbiamo approfondito scientificamente questi effetti, sembra che favorisca l&#8217;omeostasi. Tanto un sistema immunitario iperattivo quanto uno ipoattivo sembrano ricevere benefici da Jyorei. Jyorei calma coloro che sono agitati e ringiovanisce coloro che sono stanchi. Jyorei \u00e8 un bene per il corpo, la mente e lo spirito.<\/p>\n<h3>Cosa si prova?<\/h3>\n<p>Le reazioni e percezioni variano da individuo a individuo. Alcune persone non provano nulla. Molte altre si sentono rilassate, vedono una luce, sentono qualcosa che le attraversa e calore, o sperimentano un formicolio alla testa, alle dita delle mani o dei piedi. Emotivamente, le persone spesso provano amore, gioia e serenit\u00e0. Alcune persone vedono vari colori e quasi tutti si sentono riposati e rinfrescati. Tuttavia, a prescindere dalle sensazioni provate dalla persona, crediamo che Jyorei sia sempre utile.<\/p>\n<h3>Cosa devo fare quando ricevo Jyorei?<\/h3>\n<p>Siediti in posizione comoda con gli occhi chiusi e le mani posate sul grembo con i palmi verso l&#8217;alto. Rilassa la mente, ponendoti in uno stato di gratitudine per la Luce che stai ricevendo. A met\u00e0 della sessione, ti verr\u00e0 chiesto di abbassare leggermente la testa in modo da poter ricevere Jyorei sulla sommit\u00e0 del capo.<\/p>\n<h3>Quanto costa ricevere Jyorei?<\/h3>\n<p>Jyorei \u00e8 un dono di Dio, e quindi non deve avere un valore economico. Tuttavia, un&#8217;offerta libera per sostenere il nostro lavoro, se data come espressione di gratitudine, \u00e8 comunque apprezzata. Non \u00e8 importante quanto si vuole donare, ma quanto lo si faccia con il cuore.<\/p>\n<h3>Jyorei \u00e8 una religione?<\/h3>\n<p>Nonostante Jyorei appartenga principalmente alle nostre attivit\u00e0 spirituali, non \u00e8 una religione, e non isola i praticanti dalle altre tradizioni. Meishusama affermava che l&#8217;origine spirituale e religiosa di ognuno non deve essere cambiata, poich\u00e9 \u00e8 legata ai propri antenati. Jyorei \u00e8 una pratica olistica disponibile per chiunque, indipendentemente dal proprio credo. Non \u00e8 necessario credere in una religione o in un Dio, o persino in Jyorei, per ottenere i suoi benefici. Inoltre, chi vuole solo ricevere Jyorei non deve aderire a nessuna organizzazione. Il risultato finale, tuttavia, pu\u00f2 essere uno stile di vita migliore e pi\u00f9 ispirato.<\/p>\n<h3>Jyorei guarisce dalle malattie fisiche?<\/h3>\n<p>Spesso le persone raccontano, dopo aver ricevuto Jyorei, di aver notato una riduzione del dolore e un miglioramento della salute. Tuttavia, lo scopo di Jyorei \u00e8 creare felicit\u00e0 e armonia, le basi per ottenere una buona salute. La possibilit\u00e0 delle malattie di regredire dipende anche dalla guarigione spirituale. Lo spirito deve prima essere purificato dalle impurit\u00e0; in seguito, pu\u00f2 avvenire la guarigione fisica. Una cura completa \u00e8 un processo olistico che coinvolge tutta la vita e l&#8217;esperienza di ciascuno, e non \u00e8 solo la rimozione di un sintomo fisico.<\/p>\n<h3>Come posso donare Jyorei per aiutare gli altri?<\/h3>\n<p>Chiunque desideri sinceramente donare Jyorei pu\u00f2 farlo frequentando alcuni incontri formativi e dopo una cerimonia di iniziazione pratica a Jyorei.<\/p>\n<h3>Quanto Jyorei devo ricevere per risolvere i miei problemi?<\/h3>\n<p>Il donatore di Jyorei non pu\u00f2 rispondere a questa domanda, poich\u00e9 dipende dalla quantit\u00e0 di nubi spirituali o impurit\u00e0 accumulate che prima devono essere purificate in te. Quando si ha un problema persistente, \u00e8 consigliabile ricevere Jyorei quanto pi\u00f9 spesso possibile e approfondire le conoscenze sul mondo spirituale, anche attraverso gli insegnamenti di Meishusama.<\/p>\n<h3>Chi dona Jyorei sente qualche cosa?<\/h3>\n<p>Ogni esperienza \u00e8 diversa da individuo a individuo, ma di solito proviamo un senso di gratitudine, pace interiore e felicit\u00e0. A volte sentiamo calore, una sensazione di formicolio, oppure vediamo colori e forme. I benefici del donare Jyorei non si estendono solo al donatore, ma anche ai suoi amici e familiari, attraverso le connessioni spirituali del donatore con loro.<\/p>\n<h3>Quale \u00e8 la differenza tra Jyorei e altri modi per indurre benessere?<\/h3>\n<p>Molte persone affermano che l&#8217;energia di Jyorei si percepisce in modo diverso rispetto ad altre pratiche. Alcuni trattamenti di altre pratiche possono durare fino a un&#8217;ora, mentre le sessioni di Jyorei di solito durano solo cinque minuti. Nelle altre pratiche energetiche, vi sono tecniche, visualizzazioni e preparazioni a volte complesse. Jyorei, invece, \u00e8 semplice: basta concentrare la propria attenzione sull&#8217;amore e sulla gratitudine. Il donatore di Jyorei non cerca di controllare l&#8217;energia o influenzare l&#8217;esito della sessione, ma scioglie ogni tensione, lasciando passare la Luce e ponendosi come umile tramite.<\/p>\n","protected":false},"excerpt":{"rendered":"Come agisce Jyorei? Chi pratic&#8230; <a class=\"view-article\" href=\"https:\/\/shumei.eu\/it\/jyorei-faq\/\">View Article<\/a>","protected":false},"author":5,"featured_media":0,"parent":0,"menu_order":0,"comment_status":"closed","ping_status":"closed","template":"template-jyorei-faq.php","meta":{"_acf_changed":false,"footnotes":""},"class_list":["post-144","page","type-page","status-publish","hentry"],"acf":[],"_links":{"self":[{"href":"https:\/\/shumei.eu\/it\/wp-json\/wp\/v2\/pages\/144","targetHints":{"allow":["GET"]}}],"collection":[{"href":"https:\/\/shumei.eu\/it\/wp-json\/wp\/v2\/pages"}],"about":[{"href":"https:\/\/shumei.eu\/it\/wp-json\/wp\/v2\/types\/page"}],"author":[{"embeddable":true,"href":"https:\/\/shumei.eu\/it\/wp-json\/wp\/v2\/users\/5"}],"replies":[{"embeddable":true,"href":"https:\/\/shumei.eu\/it\/wp-json\/wp\/v2\/comments?post=144"}],"version-history":[{"count":25,"href":"https:\/\/shumei.eu\/it\/wp-json\/wp\/v2\/pages\/144\/revisions"}],"predecessor-version":[{"id":722,"href":"https:\/\/shumei.eu\/it\/wp-json\/wp\/v2\/pages\/144\/revisions\/722"}],"wp:attachment":[{"href":"https:\/\/shumei.eu\/it\/wp-json\/wp\/v2\/media?parent=144"}],"curies":[{"name":"wp","href":"https:\/\/api.w.org\/{rel}","templated":true}]}}